{"id":274,"date":"2021-07-27T21:17:03","date_gmt":"2021-07-28T01:17:03","guid":{"rendered":"https:\/\/base-agency.c21staging.id-3.net\/details-de-courtier\/"},"modified":"2021-09-09T11:27:21","modified_gmt":"2021-09-09T15:27:21","slug":"broker","status":"publish","type":"page","link":"https:\/\/century21expert.ca\/en\/brokers\/broker\/","title":{"rendered":"Broker details"},"content":{"rendered":"\t\t<div data-elementor-type=\"wp-page\" data-elementor-id=\"274\" class=\"elementor elementor-274\" data-elementor-post-type=\"page\">\n\t\t\t\t\t\t\t\t\t<section class=\"elementor-section elementor-top-section elementor-element elementor-element-5b4a106d elementor-section-boxed elementor-section-height-default elementor-section-height-default\" data-id=\"5b4a106d\" data-element_type=\"section\" data-settings=\"{&quot;background_background&quot;:&quot;classic&quot;}\">\n\t\t\t\t\t\t<div class=\"elementor-container elementor-column-gap-no\">\n\t\t\t\t\t<div class=\"elementor-column elementor-col-100 elementor-top-column elementor-element elementor-element-713be73\" data-id=\"713be73\" data-element_type=\"column\">\n\t\t\t<div class=\"elementor-widget-wrap elementor-element-populated\">\n\t\t\t\t\t\t\t\t<div class=\"elementor-element elementor-element-13ac297f elementor-widget-divider--view-line elementor-invisible elementor-widget elementor-widget-divider\" data-id=\"13ac297f\" data-element_type=\"widget\" data-settings=\"{&quot;_animation&quot;:&quot;slideInRight&quot;}\" data-widget_type=\"divider.default\">\n\t\t\t\t<div class=\"elementor-widget-container\">\n\t\t\t\t\t<div class=\"elementor-divider\">\n\t\t\t<span class=\"elementor-divider-separator\">\n\t\t\t\t\t\t<\/span>\n\t\t<\/div>\n\t\t\t\t<\/div>\n\t\t\t\t<\/div>\n\t\t\t\t<div class=\"elementor-element elementor-element-1a3a507a elementor-invisible elementor-widget elementor-widget-text-editor\" data-id=\"1a3a507a\" data-element_type=\"widget\" data-settings=\"{&quot;_animation&quot;:&quot;fadeInUp&quot;}\" data-widget_type=\"text-editor.default\">\n\t\t\t\t<div class=\"elementor-widget-container\">\n\t\t\t\t\t\t\t\t\t\t\t\t\t<\/div>\n\t\t\t\t<\/div>\n\t\t\t\t\t<\/div>\n\t\t<\/div>\n\t\t\t\t\t\t\t<\/div>\n\t\t<\/section>\n\t\t\t\t<section class=\"elementor-section elementor-top-section elementor-element elementor-element-5ab81bb4 elementor-section-boxed elementor-section-height-default elementor-section-height-default\" data-id=\"5ab81bb4\" data-element_type=\"section\" ng-controller=\"singleBrokerCtrl\" ng-init=\"init(&#039;&#039;,true,&#039;Loading broker&#039;,true)\">\n\t\t\t\t\t\t<div class=\"elementor-container elementor-column-gap-default\">\n\t\t\t\t\t<div class=\"elementor-column elementor-col-100 elementor-top-column elementor-element elementor-element-5313fac\" data-id=\"5313fac\" data-element_type=\"column\">\n\t\t\t<div class=\"elementor-widget-wrap elementor-element-populated\">\n\t\t\t\t\t\t\t\t<section class=\"elementor-section elementor-inner-section elementor-element elementor-element-13c8baee elementor-section-boxed elementor-section-height-default elementor-section-height-default\" data-id=\"13c8baee\" data-element_type=\"section\">\n\t\t\t\t\t\t<div class=\"elementor-container elementor-column-gap-default\">\n\t\t\t\t\t<div class=\"elementor-column elementor-col-33 elementor-inner-column elementor-element elementor-element-7af9cfea\" data-id=\"7af9cfea\" data-element_type=\"column\">\n\t\t\t<div class=\"elementor-widget-wrap elementor-element-populated\">\n\t\t\t\t\t\t\t\t<div class=\"elementor-element elementor-element-58ffe2f2 elementor-widget elementor-widget-si_single_part\" data-id=\"58ffe2f2\" data-element_type=\"widget\" data-widget_type=\"si_single_part.default\">\n\t\t\t\t<div class=\"elementor-widget-container\">\n\t\t\t<div class=\"si-part si- si-part-picture si si-part si-part-elementor si-part-picture \" ><div class=\"si-picture\">\r\n        <img decoding=\"async\" src=\"{{model.photo.url}}\" \/>\r\n    <\/div><\/div>\t\t<\/div>\n\t\t\t\t<\/div>\n\t\t\t\t\t<\/div>\n\t\t<\/div>\n\t\t\t\t<div class=\"elementor-column elementor-col-66 elementor-inner-column elementor-element elementor-element-2220095b\" data-id=\"2220095b\" data-element_type=\"column\">\n\t\t\t<div class=\"elementor-widget-wrap elementor-element-populated\">\n\t\t\t\t\t\t\t\t<div class=\"elementor-element elementor-element-a37ae9b elementor-widget elementor-widget-heading\" data-id=\"a37ae9b\" data-element_type=\"widget\" data-widget_type=\"heading.default\">\n\t\t\t\t<div class=\"elementor-widget-container\">\n\t\t\t<h2 class=\"elementor-heading-title elementor-size-default\">To contact this broker<\/h2>\t\t<\/div>\n\t\t\t\t<\/div>\n\t\t\t\t<div class=\"elementor-element elementor-element-6f739f1b elementor-widget__width-inherit elementor-widget-tablet__width-inherit elementor-widget elementor-widget-si_single_part\" data-id=\"6f739f1b\" data-element_type=\"widget\" data-widget_type=\"si_single_part.default\">\n\t\t\t\t<div class=\"elementor-widget-container\">\n\t\t\t<div class=\"si-part si- si-part-contact si si-part si-part-elementor si-part-contact  si-allowed-elementor-typography\" ><div class=\"si-detail-section si-contact si-part-container\">\r\n    \r\n    <div class=\"si-actions\">\r\n        <div class=\"si-part si-align-center si-part-info-request si-prevent-typography\" ><div class=\"si-part si-align-center si-part-info-request-button \" >\r\n<div class=\"information_request\">\r\n    <button data-target=\"information_request\" ng-disabled=\"context.sending_message===true\" ng-if=\"request_sent == undefined\" type=\"button\" class=\"si-modal-trigger si-type-action si-button\"><si-icon class=\"{{context.sending_message===true ? 'fa-spin fa-spinner-third' : 'fa-info-circle'}}\"><\/si-icon> Information request<\/button><button data-target=\"information_request\" ng-disabled=\"true\" ng-if=\"request_sent === true\" type=\"button\" class=\"si-modal-trigger si-button\">Thank you<\/button><\/div>\r\n\r\n<\/div>\r\n<div class=\"si-part si-align-center si-part-info-request-modal \" >\r\n<si-modal \r\n    data-modal-id=\"information_request\" \r\n    data-modal-title=\"{{'Message for {0}'.siTranslate().siFormat(model.first_name)}}\"\r\n    data-ok-label=\"Send\"\r\n        data-on-ok=\"sendMessage()\"\r\n    data-on-validate=\"validateMessage($model)\">\r\n    \r\n    <div class=\"si-part si-align-center si-part-info-request-form \" >\r\n<div class=\"si-info-request form basic\">\r\n        <form name=\"requestForm\">\r\n        \r\n        \r\n        <div class=\"firstname si-input-container si-float-label\">\r\n            <label>First name<\/label>\r\n            <div class=\"si-input\">\r\n                <input type=\"text\" data-ng-model=\"message_model.firstname\" required \/>\r\n            <\/div>\r\n        <\/div>\r\n\r\n        <div class=\"lastname si-input-container si-float-label\">\r\n            <label>Last name<\/label>\r\n            <div class=\"si-input\" >\r\n                <input type=\"text\" data-ng-model=\"message_model.lastname\" required \/>\r\n            <\/div>\r\n        <\/div>\r\n\r\n        <div class=\"phone si-input-container si-float-label\">\r\n            <label>Phone<\/label>\r\n            <div class=\"si-input\">\r\n                <input type=\"text\" data-ng-model=\"message_model.phone\" required \/>\r\n            <\/div>\r\n        <\/div>\r\n\r\n        <div class=\"email si-input-container si-float-label\">\r\n            <label>Email<\/label>\r\n            <div class=\"si-input\">\r\n                <input type=\"email\" data-ng-model=\"message_model.email\" required \/>\r\n            <\/div>\r\n        <\/div>\r\n\r\n        <div class=\"subject si-input-container si-float-label\">\r\n            <label>Subject<\/label>\r\n            <div class=\"si-input\">\r\n                <input type=\"text\" data-ng-model=\"message_model.subject\" required \/>\r\n            <\/div>\r\n        <\/div>\r\n\r\n        <div class=\"message si-input-container si-float-label\">\r\n            <label>Message<\/label>\r\n            <div class=\"si-input\">\r\n                <textarea rows=\"5\" data-ng-model=\"message_model.message\"><\/textarea>\r\n            <\/div>\r\n        <\/div>\r\n                \r\n            <\/form>\r\n    <\/div><\/div>    \r\n<\/si-modal><\/div><\/div>    <\/div>\r\n    \r\n    <div class=\"si-phone-list si-apply-typography si-flex-column-phone\">\r\n        <div class=\"si-item si-phone-type-{{key}}\" data-ng-repeat=\"(key,phone) in model.phones\" ng-if=\"phone != ''\">\r\n            <a href=\"tel:{{phone}}\"><si-icon>{{getPhoneIcon(key)}}<\/si-icon> <span class=\"si-prefix\">{{key.siTranslate()}}:<\/span> <span class=\"si-label\">{{phone}}<\/span><\/a>\r\n        <\/div>\r\n    <\/div>\r\n\r\n    \r\n<\/div><\/div>\t\t<\/div>\n\t\t\t\t<\/div>\n\t\t\t\t<div class=\"elementor-element elementor-element-91a9015 elementor-widget elementor-widget-si_single_part\" data-id=\"91a9015\" data-element_type=\"widget\" data-widget_type=\"si_single_part.default\">\n\t\t\t\t<div class=\"elementor-widget-container\">\n\t\t\t<div class=\"si-part si-align-center-start si-part-links si si-part si-part-elementor si-part-links align-center-start\" ><div class=\"si-detail-section si-link-container si-apply-typography si-part-container\">\r\n    <div class=\"si-website-link \" ng-if=\"false && model.links.website\">\r\n        <a href=\"{{model.links.website}}\" class=\"id3-button id3-type-normal\" target=\"_blank\"><span>{{'Website'.siTranslate()}}<\/span> <si-icon>external-link<\/si-icon><\/a>\r\n    <\/div>\r\n\r\n    <div class=\"si-link-list\" ng-if=\"model.links.website || model.links.socials.length > 0\">\r\n        <div class=\"si-link-item {{model.links.socials.length == 0 ? 'si-show-label' : ''}}\" ng-if=\"model.links.website\">\r\n            <a href=\"{{model.links.website}}\" target=\"_blank\" title=\"{{'Website'.siTranslate()}}\"><si-icon>globe<\/si-icon> <span class=\"si-label\">{{'Website'.siTranslate()}}<\/span><\/a>\r\n        <\/div>\r\n\r\n        <div class=\"si-link-item\" data-ng-repeat=\"linkItem in model.links.socials\">\r\n            <a href=\"{{linkItem.url}}\" target=\"_blank\"><si-icon>{{linkItem.type}}<\/si-icon><\/a>\r\n        <\/div>\r\n    <\/div>\r\n    \r\n<\/div><\/div>\t\t<\/div>\n\t\t\t\t<\/div>\n\t\t\t\t<div class=\"elementor-element elementor-element-fd454d0 elementor-widget__width-inherit elementor-widget-tablet__width-inherit elementor-widget elementor-widget-si_single_part\" data-id=\"fd454d0\" data-element_type=\"widget\" data-widget_type=\"si_single_part.default\">\n\t\t\t\t<div class=\"elementor-widget-container\">\n\t\t\t<div class=\"si-part si-align-center-start si-part-office si si-part si-part-elementor si-part-office align-center-start\" ><div class=\"si-detail-section si-office\">\r\n    <div class=\"si-item-content\">\r\n        <div class=\"si-name notranslate\"><a href=\"{{model.office.permalink}}\" style=\"{{model.office.permalink=='' ? 'display:contents;pointer-events:none;' : ''}}\">{{model.office.agency.name}}<\/a><\/div>\r\n        <div class=\"si-license\">{{model.office.agency.license_type}}<\/div>\r\n\r\n        <div class=\"si-location\">\r\n            <div class=\"si-address\">{{model.office.location.address.street_number}} {{model.office.location.address.street_name}}, {{model.office.location.city}}<\/div>\r\n            <div class=\"si-country\">{{model.office.location.state}}, {{model.office.location.country}}<\/div>\r\n        <\/div>\r\n        \r\n    <\/div>\r\n<\/div><\/div>\t\t<\/div>\n\t\t\t\t<\/div>\n\t\t\t\t\t<\/div>\n\t\t<\/div>\n\t\t\t\t\t\t\t<\/div>\n\t\t<\/section>\n\t\t\t\t<section class=\"elementor-section elementor-inner-section elementor-element elementor-element-1cf9b5d4 elementor-section-boxed elementor-section-height-default elementor-section-height-default\" data-id=\"1cf9b5d4\" data-element_type=\"section\">\n\t\t\t\t\t\t<div class=\"elementor-container elementor-column-gap-default\">\n\t\t\t\t\t<div class=\"elementor-column elementor-col-100 elementor-inner-column elementor-element elementor-element-28b25bc3\" data-id=\"28b25bc3\" data-element_type=\"column\">\n\t\t\t<div class=\"elementor-widget-wrap elementor-element-populated\">\n\t\t\t\t\t\t\t\t<div class=\"elementor-element elementor-element-53ce143a elementor-widget elementor-widget-si_single_part\" data-id=\"53ce143a\" data-element_type=\"widget\" data-widget_type=\"si_single_part.default\">\n\t\t\t\t<div class=\"elementor-widget-container\">\n\t\t\t<div class=\"si-part si- si-part-listings si si-part si-part-elementor si-part-listings \" >        <script type=\"text\/json\" id=\"si-configs-for-listings-small-list\">\r\n            false        <\/script>\r\n\r\n        <si-small-list class=\"listing-list si-list-of-listings\"\r\n                si-options='{show_header:true,filter:{max_item_count:0,sort_fields:\"\"}}'\r\n                                si-type=\"listings\" si-filters=\"{field:'brokers_ref_numbers', operator : 'array_contains', value: ''}\" ><\/si-small-list>\r\n        <script type=\"text\/ng-template\" id=\"si-template-for-listings\" layout=\"small\"><article class=\"si-item si-listing-item  si-single-layer-item-layout style-standard si-border  {{getClassList(item)}}\"  \r\n    data-ng-cloak>\r\n    <a href=\"{{item.permalink}}\">\r\n        <div class=\"si-item-content\">\r\n            <div class=\"si-layer-container\">\r\n            <div class=\"si-layer si-main-layer\" style=\"\"><div class=\"si-layer-content\"><div class=\"si-label-group si-background-high-contrast si-padding\" si-anchor-to=\"si-float-anchor\" style=\"--items-count:2\"><div class=\"si-label si-address si-text-truncate si-text-upper notranslate\" si-anchor-to=\"si-float-anchor\">{{item.location.civic_address}}<\/div><div class=\"si-label si-city si-text-truncate notranslate\" si-anchor-to=\"si-float-anchor\">{{item.location.city}}<\/div><\/div>      <div si-lazy-load class=\"si-image si-lazy-loading si-float-anchor\" >\r\n          <img data-si-src=\"{{item.photo_url}}\" data-si-error-src=\"~\/styles\/assets\/shadow_listing.jpg\" data-si-srcset=\"{{item.photo_url}}\" data-si-quality-preference=\"\" \/>\r\n      <\/div>         \r\n      <div class=\"si-label si-background-small-contrast si-padding si-big-emphasis si-price\" ng-bind-html=\"formatPrice(item)\" si-anchor-to=\"si-float-anchor\">&nbsp;<\/div><div class=\"si-label si-background-small-contrast si-padding si-big-emphasis si-price-sold\" ng-bind-html=\"formatPrice(item)\" si-anchor-to=\"si-float-anchor\">&nbsp;<\/div><div class=\"si-label-group si-padding\" si-anchor-to=\"si-float-anchor\" style=\"--items-count:3\"><div class=\"si-label si-font-emphasis si-category \" si-anchor-to=\"si-float-anchor\">{{item.category}}<\/div><div class=\"si-label si-text-truncate si-subcategory \" si-anchor-to=\"si-float-anchor\">{{item.subcategory}}<\/div><div class=\"si-label \" si-anchor-to=\"si-float-anchor\"><div class=\"si-rooms\"><div class=\"si-room {{icon}}\" ng-repeat=\"(icon,room) in item.counters.rooms\"><si-icon>{{icon}}<\/si-icon> <span class=\"si-count\">{{room.count}}<\/span> <span class=\"si-label\">{{room.label.siTranslate()}}<\/span><\/div><\/div><\/div><\/div>      <div class=\"si-label si-open-houses si-background-highlight si-padding si-big-emphasis si-float-bottom\" si-anchor-to=\"si-float-anchor\" si-hide-empty=\"hard\" si-hide-empty=\"hard\">\r\n          <div class=\"si-open-house-item\">\r\n              <si-icon>calendar-alt<\/si-icon> <span>{{'Open house'.siTranslate()}}<\/span> <span am-time-ago=\"item.open_houses[0].start_date\"><\/span>\r\n          <\/div>\r\n      <\/div>\r\n            <div class=\"si-flags si-float-top-right si-padding si-padding-size-slim si-padding si-padding-size-slim\" si-anchor-to=\"si-float-anchor\" si-hide-empty=\"hard\">\r\n          <div class=\"si-flag si-video\"><si-icon title=\"{{'Video'.siTranslate()}}\">video<\/si-icon> <span class=\"si-label\">{{'Video'.siTranslate()}}<\/span><\/div>\r\n          <div class=\"si-flag si-virtual-tour\"><si-icon title=\"{{'Virtual tour'.siTranslate()}}\">vr-cardboard<\/si-icon> <span class=\"si-label\">{{'Virtual tour'.siTranslate()}}<\/span><\/div>\r\n          <div class=\"si-flag si-new-item\"><si-icon title=\"{{'New'.siTranslate()}}\">star<\/si-icon> <span class=\"si-label\">{{'New'.siTranslate()}}<\/span><\/div>\r\n      <\/div>\r\n      <\/div><\/div>                \r\n        <\/div>\r\n    <\/a>\r\n<\/article>\r\n<\/script><\/div>\t\t<\/div>\n\t\t\t\t<\/div>\n\t\t\t\t\t<\/div>\n\t\t<\/div>\n\t\t\t\t\t\t\t<\/div>\n\t\t<\/section>\n\t\t\t\t\t<\/div>\n\t\t<\/div>\n\t\t\t\t\t\t\t<\/div>\n\t\t<\/section>\n\t\t\t\t\t\t\t<\/div>\n\t\t","protected":false},"excerpt":{"rendered":"<p>Parti d&#8217;un \u00e9l\u00e9ment photo To contact this broker Envoyer un message Merci (514) 555-9283 (514) 555-2611 Parti d&#8217;un \u00e9l\u00e9ment contact Follow on Website Parti d&#8217;un \u00e9l\u00e9ment links Future 3000 Estate Real Estate Agency 230 rue Moncalm, Smallville State, Country Parti d&#8217;un \u00e9l\u00e9ment bureau 5 propri\u00e9t\u00e9s 1223 Rue Charbonneau&nbsp; Smallville 549 000 $ R\u00e9sidentiel Condo 3 [&hellip;]<\/p>\n","protected":false},"author":1,"featured_media":0,"parent":260,"menu_order":0,"comment_status":"closed","ping_status":"closed","template":"","meta":{"footnotes":""},"yoast_head":"<!-- This site is optimized with the Yoast SEO plugin v21.9 - https:\/\/yoast.com\/wordpress\/plugins\/seo\/ -->\n<title>Broker details - Base C21 Agency Site<\/title>\n<meta name=\"robots\" content=\"index, follow, max-snippet:-1, max-image-preview:large, max-video-preview:-1\" \/>\n<link rel=\"canonical\" href=\"https:\/\/century21expert.ca\/en\/brokers\/broker\/\" \/>\n<meta property=\"og:locale\" content=\"en_US\" \/>\n<meta property=\"og:type\" content=\"article\" \/>\n<meta property=\"og:title\" content=\"Broker details - Base C21 Agency Site\" \/>\n<meta property=\"og:description\" content=\"Parti d&#8217;un \u00e9l\u00e9ment photo To contact this broker Envoyer un message Merci (514) 555-9283 (514) 555-2611 Parti d&#8217;un \u00e9l\u00e9ment contact Follow on Website Parti d&#8217;un \u00e9l\u00e9ment links Future 3000 Estate Real Estate Agency 230 rue Moncalm, Smallville State, Country Parti d&#8217;un \u00e9l\u00e9ment bureau 5 propri\u00e9t\u00e9s 1223 Rue Charbonneau&nbsp; Smallville 549 000 $ R\u00e9sidentiel Condo 3 [&hellip;]\" \/>\n<meta property=\"og:url\" content=\"https:\/\/century21expert.ca\/en\/brokers\/broker\/\" \/>\n<meta property=\"og:site_name\" content=\"Base C21 Agency Site\" \/>\n<meta property=\"article:modified_time\" content=\"2021-09-09T15:27:21+00:00\" \/>\n<meta name=\"twitter:card\" content=\"summary_large_image\" \/>\n<meta name=\"twitter:label1\" content=\"Est. reading time\" \/>\n\t<meta name=\"twitter:data1\" content=\"2 minutes\" \/>\n<script type=\"application\/ld+json\" class=\"yoast-schema-graph\">{\"@context\":\"https:\/\/schema.org\",\"@graph\":[{\"@type\":\"WebPage\",\"@id\":\"https:\/\/century21expert.ca\/en\/brokers\/broker\/\",\"url\":\"https:\/\/century21expert.ca\/en\/brokers\/broker\/\",\"name\":\"Broker details - Base C21 Agency Site\",\"isPartOf\":{\"@id\":\"https:\/\/century21expert.ca\/en\/#website\"},\"datePublished\":\"2021-07-28T01:17:03+00:00\",\"dateModified\":\"2021-09-09T15:27:21+00:00\",\"breadcrumb\":{\"@id\":\"https:\/\/century21expert.ca\/en\/brokers\/broker\/#breadcrumb\"},\"inLanguage\":\"en-US\",\"potentialAction\":[{\"@type\":\"ReadAction\",\"target\":[\"https:\/\/century21expert.ca\/en\/brokers\/broker\/\"]}]},{\"@type\":\"BreadcrumbList\",\"@id\":\"https:\/\/century21expert.ca\/en\/brokers\/broker\/#breadcrumb\",\"itemListElement\":[{\"@type\":\"ListItem\",\"position\":1,\"name\":\"Accueil\",\"item\":\"https:\/\/century21expert.ca\/en\/\"},{\"@type\":\"ListItem\",\"position\":2,\"name\":\"Brokers\",\"item\":\"https:\/\/century21expert.ca\/en\/brokers\/\"}]},{\"@type\":\"WebSite\",\"@id\":\"https:\/\/century21expert.ca\/en\/#website\",\"url\":\"https:\/\/century21expert.ca\/en\/\",\"name\":\"Base C21 Agency Site\",\"description\":\"\",\"publisher\":{\"@id\":\"https:\/\/century21expert.ca\/en\/#organization\"},\"potentialAction\":[{\"@type\":\"SearchAction\",\"target\":{\"@type\":\"EntryPoint\",\"urlTemplate\":\"https:\/\/century21expert.ca\/en\/?s={search_term_string}\"},\"query-input\":\"required name=search_term_string\"}],\"inLanguage\":\"en-US\"},{\"@type\":\"Organization\",\"@id\":\"https:\/\/century21expert.ca\/en\/#organization\",\"name\":\"Base C21 Agency Site\",\"url\":\"https:\/\/century21expert.ca\/en\/\",\"logo\":{\"@type\":\"ImageObject\",\"inLanguage\":\"en-US\",\"@id\":\"https:\/\/century21expert.ca\/en\/#\/schema\/logo\/image\/\",\"url\":\"https:\/\/century21expert.ca\/wp-content\/uploads\/sites\/27\/2021\/09\/century-21-expert-logo.png\",\"contentUrl\":\"https:\/\/century21expert.ca\/wp-content\/uploads\/sites\/27\/2021\/09\/century-21-expert-logo.png\",\"width\":1212,\"height\":377,\"caption\":\"Base C21 Agency Site\"},\"image\":{\"@id\":\"https:\/\/century21expert.ca\/en\/#\/schema\/logo\/image\/\"}}]}<\/script>\n<!-- \/ Yoast SEO plugin. -->","yoast_head_json":{"title":"Broker details - Base C21 Agency Site","robots":{"index":"index","follow":"follow","max-snippet":"max-snippet:-1","max-image-preview":"max-image-preview:large","max-video-preview":"max-video-preview:-1"},"canonical":"https:\/\/century21expert.ca\/en\/brokers\/broker\/","og_locale":"en_US","og_type":"article","og_title":"Broker details - Base C21 Agency Site","og_description":"Parti d&#8217;un \u00e9l\u00e9ment photo To contact this broker Envoyer un message Merci (514) 555-9283 (514) 555-2611 Parti d&#8217;un \u00e9l\u00e9ment contact Follow on Website Parti d&#8217;un \u00e9l\u00e9ment links Future 3000 Estate Real Estate Agency 230 rue Moncalm, Smallville State, Country Parti d&#8217;un \u00e9l\u00e9ment bureau 5 propri\u00e9t\u00e9s 1223 Rue Charbonneau&nbsp; Smallville 549 000 $ R\u00e9sidentiel Condo 3 [&hellip;]","og_url":"https:\/\/century21expert.ca\/en\/brokers\/broker\/","og_site_name":"Base C21 Agency Site","article_modified_time":"2021-09-09T15:27:21+00:00","twitter_card":"summary_large_image","twitter_misc":{"Est. reading time":"2 minutes"},"schema":{"@context":"https:\/\/schema.org","@graph":[{"@type":"WebPage","@id":"https:\/\/century21expert.ca\/en\/brokers\/broker\/","url":"https:\/\/century21expert.ca\/en\/brokers\/broker\/","name":"Broker details - Base C21 Agency Site","isPartOf":{"@id":"https:\/\/century21expert.ca\/en\/#website"},"datePublished":"2021-07-28T01:17:03+00:00","dateModified":"2021-09-09T15:27:21+00:00","breadcrumb":{"@id":"https:\/\/century21expert.ca\/en\/brokers\/broker\/#breadcrumb"},"inLanguage":"en-US","potentialAction":[{"@type":"ReadAction","target":["https:\/\/century21expert.ca\/en\/brokers\/broker\/"]}]},{"@type":"BreadcrumbList","@id":"https:\/\/century21expert.ca\/en\/brokers\/broker\/#breadcrumb","itemListElement":[{"@type":"ListItem","position":1,"name":"Accueil","item":"https:\/\/century21expert.ca\/en\/"},{"@type":"ListItem","position":2,"name":"Brokers","item":"https:\/\/century21expert.ca\/en\/brokers\/"}]},{"@type":"WebSite","@id":"https:\/\/century21expert.ca\/en\/#website","url":"https:\/\/century21expert.ca\/en\/","name":"Base C21 Agency Site","description":"","publisher":{"@id":"https:\/\/century21expert.ca\/en\/#organization"},"potentialAction":[{"@type":"SearchAction","target":{"@type":"EntryPoint","urlTemplate":"https:\/\/century21expert.ca\/en\/?s={search_term_string}"},"query-input":"required name=search_term_string"}],"inLanguage":"en-US"},{"@type":"Organization","@id":"https:\/\/century21expert.ca\/en\/#organization","name":"Base C21 Agency Site","url":"https:\/\/century21expert.ca\/en\/","logo":{"@type":"ImageObject","inLanguage":"en-US","@id":"https:\/\/century21expert.ca\/en\/#\/schema\/logo\/image\/","url":"https:\/\/century21expert.ca\/wp-content\/uploads\/sites\/27\/2021\/09\/century-21-expert-logo.png","contentUrl":"https:\/\/century21expert.ca\/wp-content\/uploads\/sites\/27\/2021\/09\/century-21-expert-logo.png","width":1212,"height":377,"caption":"Base C21 Agency Site"},"image":{"@id":"https:\/\/century21expert.ca\/en\/#\/schema\/logo\/image\/"}}]}},"_links":{"self":[{"href":"https:\/\/century21expert.ca\/en\/wp-json\/wp\/v2\/pages\/274"}],"collection":[{"href":"https:\/\/century21expert.ca\/en\/wp-json\/wp\/v2\/pages"}],"about":[{"href":"https:\/\/century21expert.ca\/en\/wp-json\/wp\/v2\/types\/page"}],"author":[{"embeddable":true,"href":"https:\/\/century21expert.ca\/en\/wp-json\/wp\/v2\/users\/1"}],"replies":[{"embeddable":true,"href":"https:\/\/century21expert.ca\/en\/wp-json\/wp\/v2\/comments?post=274"}],"version-history":[{"count":0,"href":"https:\/\/century21expert.ca\/en\/wp-json\/wp\/v2\/pages\/274\/revisions"}],"up":[{"embeddable":true,"href":"https:\/\/century21expert.ca\/en\/wp-json\/wp\/v2\/pages\/260"}],"wp:attachment":[{"href":"https:\/\/century21expert.ca\/en\/wp-json\/wp\/v2\/media?parent=274"}],"curies":[{"name":"wp","href":"https:\/\/api.w.org\/{rel}","templated":true}]}}